{"id":6510,"date":"2023-03-02T14:48:27","date_gmt":"2023-03-02T13:48:27","guid":{"rendered":"https:\/\/hogai.store\/produkt\/artist-mirror\/"},"modified":"2026-01-31T21:22:17","modified_gmt":"2026-01-31T20:22:17","slug":"artist-mirror-cobalt-love","status":"publish","type":"product","link":"https:\/\/hogai.store\/en\/produkt\/artist-mirror-cobalt-love\/","title":{"rendered":"ARTIST MIRROR"},"content":{"rendered":"","protected":false},"excerpt":{"rendered":"<p>Je\u015bli szukasz lustra, kt\u00f3re poka\u017ce Twoje pi\u0119kno &#8211; sprawd\u017a ARTIST\u00a0MIRROR HOGAI.<\/p>\n","protected":false},"featured_media":628,"template":"","meta":{"_acf_changed":false},"product_brand":[],"product_cat":[110,104],"product_tag":[109,108,107],"class_list":{"0":"post-6510","1":"product","2":"type-product","3":"status-publish","4":"has-post-thumbnail","6":"product_cat-artist-mirror-en","7":"product_cat-mirrors","8":"product_tag-mirror","9":"product_tag-powdered-coated","10":"product_tag-steel-en","11":"product_shipping_class-zadbano-en","13":"first","14":"onbackorder","15":"taxable","16":"shipping-taxable","17":"purchasable","18":"product-type-simple"},"acf":[],"aioseo_notices":[],"_links":{"self":[{"href":"https:\/\/hogai.store\/en\/wp-json\/wp\/v2\/product\/6510","targetHints":{"allow":["GET"]}}],"collection":[{"href":"https:\/\/hogai.store\/en\/wp-json\/wp\/v2\/product"}],"about":[{"href":"https:\/\/hogai.store\/en\/wp-json\/wp\/v2\/types\/product"}],"wp:featuredmedia":[{"embeddable":true,"href":"https:\/\/hogai.store\/en\/wp-json\/wp\/v2\/media\/628"}],"wp:attachment":[{"href":"https:\/\/hogai.store\/en\/wp-json\/wp\/v2\/media?parent=6510"}],"wp:term":[{"taxonomy":"product_brand","embeddable":true,"href":"https:\/\/hogai.store\/en\/wp-json\/wp\/v2\/product_brand?post=6510"},{"taxonomy":"product_cat","embeddable":true,"href":"https:\/\/hogai.store\/en\/wp-json\/wp\/v2\/product_cat?post=6510"},{"taxonomy":"product_tag","embeddable":true,"href":"https:\/\/hogai.store\/en\/wp-json\/wp\/v2\/product_tag?post=6510"}],"curies":[{"name":"wp","href":"https:\/\/api.w.org\/{rel}","templated":true}]}}